{"id":1632,"date":"2018-02-28T16:14:21","date_gmt":"2018-02-28T16:14:21","guid":{"rendered":"http:\/\/prowess.select-themes.com\/?page_id=1632"},"modified":"2022-10-31T11:44:36","modified_gmt":"2022-10-31T10:44:36","slug":"kontakt","status":"publish","type":"page","link":"https:\/\/crossfit-sleddogs.de\/?page_id=1632","title":{"rendered":"Kontakt"},"content":{"rendered":"<p>[vc_row row_content_width=&#8220;grid&#8220; enable_grid_lines=&#8220;&#8220; css=&#8220;.vc_custom_1520434378363{padding-bottom: 130px !important;}&#8220;][vc_column offset=&#8220;vc_col-lg-offset-0 vc_col-lg-6 vc_col-md-offset-0 vc_col-md-12 vc_col-sm-offset-0&#8243;][vc_empty_space height=&#8220;15px&#8220;][vc_column_text]<\/p>\n<h5>Adresse<\/h5>\n<p>[\/vc_column_text][vc_column_text css=&#8220;.vc_custom_1562509375775{margin-top: -10px !important;}&#8220;]<a style=\"color: #9c9c9c;\" href=\"https:\/\/www.google.de\/maps\/place\/FT-CLUB+Koblenz\/@50.3781009,7.5794928,19z\/data=!4m5!3m4!1s0x47be6380a19b7183:0xf4804da6c638e44f!8m2!3d50.3781!4d7.58004\" target=\"_blank\" rel=\"noopener noreferrer\">Am Berg 6, 56070 Koblenz<\/a>[\/vc_column_text][vc_row_inner enable_grid_lines=&#8220;&#8220;][vc_column_inner width=&#8220;1\/2&#8243;][vc_column_text]<\/p>\n<h5>Telefonnummer<\/h5>\n<p>[\/vc_column_text][vc_column_text css=&#8220;.vc_custom_1562509298069{margin-top: -10px !important;}&#8220;]<a style=\"color: #9c9c9c;\" href=\"http:\/\/tel.017632318585\" target=\"_blank\" rel=\"noopener noreferrer\">0176 &#8211; 32 31 85 85<\/a>[\/vc_column_text][vc_empty_space height=&#8220;20px&#8220;][\/vc_column_inner][vc_column_inner width=&#8220;1\/2&#8243;][vc_column_text]<\/p>\n<h5>EMail<\/h5>\n<p>[\/vc_column_text][vc_column_text css=&#8220;.vc_custom_1580267971683{margin-top: -10px !important;}&#8220;]<span style=\"color: #f34e3a;\">info@crossfit-sleddogs.de<\/span>[\/vc_column_text][vc_empty_space height=&#8220;20px&#8220;][\/vc_column_inner][\/vc_row_inner]<div class=\"qodef-elements-holder   qodef-one-column  qodef-responsive-mode-768 \" ><div class=\"qodef-eh-item     \"  data-item-class=\"qodef-eh-custom-5748\" data-1280-1600=\"0 5% 0 0\" data-1024-1280=\"0 5% 0 0\" data-768-1024=\"0 0% 8% 0\" data-680-768=\"0 0% 8% 0\" data-680=\"0 0% 15% 0\">\n\t<div class=\"qodef-eh-item-inner\">\n\t\t<div class=\"qodef-eh-item-content qodef-eh-custom-5748\" style=\"padding: 0 20% 0 0\">\n\t\t\t[vc_column_text]Du hast Fragen \u00fcber dein pers\u00f6nliches Training oder eine Mitgliedschaft? Wir gehen gerne auf deine W\u00fcnsche ein und beraten dich pers\u00f6nlich und kompetent. Schreib uns einfach.[\/vc_column_text]\t\t<\/div>\n\t<\/div>\n<\/div><\/div>[\/vc_column][vc_column offset=&#8220;vc_col-lg-offset-0 vc_col-lg-6 vc_col-md-offset-0 vc_col-md-12 vc_col-sm-offset-0&#8243;][vc_empty_space height=&#8220;15px&#8220;][vc_empty_space height=&#8220;15px&#8220;][vc_empty_space height=&#8220;15px&#8220;][vc_empty_space height=&#8220;15px&#8220;][vc_empty_space height=&#8220;15px&#8220;][vc_empty_space height=&#8220;15px&#8220;]\n<div class=\"wpcf7 no-js\" id=\"wpcf7-f1104-o1\" lang=\"en-US\" dir=\"ltr\" data-wpcf7-id=\"1104\">\n<div class=\"screen-reader-response\"><p role=\"status\" aria-live=\"polite\" aria-atomic=\"true\"><\/p> <ul><\/ul><\/div>\n<form action=\"\/index.php?rest_route=%2Fwp%2Fv2%2Fpages%2F1632#wpcf7-f1104-o1\" method=\"post\" class=\"wpcf7-form init\" aria-label=\"Contact form\" novalidate=\"novalidate\" data-status=\"init\">\n<fieldset class=\"hidden-fields-container\"><input type=\"hidden\" name=\"_wpcf7\" value=\"1104\" \/><input type=\"hidden\" name=\"_wpcf7_version\" value=\"6.1.5\" \/><input type=\"hidden\" name=\"_wpcf7_locale\" value=\"en_US\" \/><input type=\"hidden\" name=\"_wpcf7_unit_tag\" value=\"wpcf7-f1104-o1\" \/><input type=\"hidden\" name=\"_wpcf7_container_post\" value=\"0\" \/><input type=\"hidden\" name=\"_wpcf7_posted_data_hash\" value=\"\" \/>\n<\/fieldset>\n<div>\n\t<div class=\"qodef-grid-row mkd-grid-tiny-gutter\">\n\t\t<div class=\"qodef-grid-col-12\">\n\t\t\t<p><span class=\"wpcf7-form-control-wrap\" data-name=\"first-name\"><input size=\"40\" maxlength=\"400\" class=\"wpcf7-form-control wpcf7-text wpcf7-validates-as-required\" aria-required=\"true\" aria-invalid=\"false\" placeholder=\"Vorname\" value=\"\" type=\"text\" name=\"first-name\" \/><\/span>\n\t\t\t<\/p>\n\t\t<\/div>\n\t\t<div class=\"qodef-grid-col-12\">\n\t\t\t<p><span class=\"wpcf7-form-control-wrap\" data-name=\"last-name\"><input size=\"40\" maxlength=\"400\" class=\"wpcf7-form-control wpcf7-text wpcf7-validates-as-required\" aria-required=\"true\" aria-invalid=\"false\" placeholder=\"Nachname\" value=\"\" type=\"text\" name=\"last-name\" \/><\/span>\n\t\t\t<\/p>\n\t\t<\/div>\n\t<\/div>\n\t<div class=\"qodef-grid-row mkd-grid-tiny-gutter\">\n\t\t<div class=\"qodef-grid-col-12\">\n\t\t\t<p><span class=\"wpcf7-form-control-wrap\" data-name=\"your-phone\"><input size=\"40\" maxlength=\"400\" class=\"wpcf7-form-control wpcf7-text wpcf7-validates-as-required\" aria-required=\"true\" aria-invalid=\"false\" placeholder=\"Telefonnummer\" value=\"\" type=\"text\" name=\"your-phone\" \/><\/span>\n\t\t\t<\/p>\n\t\t<\/div>\n\t\t<div class=\"qodef-grid-col-12\">\n\t\t\t<p><span class=\"wpcf7-form-control-wrap\" data-name=\"your-email\"><input size=\"40\" maxlength=\"400\" class=\"wpcf7-form-control wpcf7-text wpcf7-validates-as-required\" aria-required=\"true\" aria-invalid=\"false\" placeholder=\"Email-Adresse\" value=\"\" type=\"text\" name=\"your-email\" \/><\/span>\n\t\t\t<\/p>\n\t\t<\/div>\n\t<\/div>\n\t<div class=\"qodef-grid-row\">\n\t\t<div class=\"qodef-grid-col-12\">\n\t\t\t<p><span class=\"wpcf7-form-control-wrap\" data-name=\"your-message\"><textarea cols=\"40\" rows=\"10\" maxlength=\"2000\" class=\"wpcf7-form-control wpcf7-textarea wpcf7-validates-as-required\" aria-required=\"true\" aria-invalid=\"false\" placeholder=\"Deine Nachricht\" name=\"your-message\"><\/textarea><\/span>\n\t\t\t<\/p>\n\t\t<\/div>\n\t<\/div>\n\t<div class=\"qodef-grid-row\">\n\t\t<div class=\"qodef-grid-col-12\">\n\t\t\t<div class=\"qodef-btn qodef-btn-small qodef-btn-solid qodef-btn-icon qodef-custom-cf-7-button\">\n\t\t\t\t<p><input class=\"wpcf7-form-control wpcf7-submit has-spinner\" type=\"submit\" value=\"Send\" \/><span class=\"qodef-btn-text\">Nachricht senden<\/span><span class=\"qodef-btn-text-inner qodef-btn-text-inner-icon\"><\/span>\n\t\t\t\t<\/p>\n\t\t\t<\/div>\n\t\t<\/div>\n\t<\/div>\n<\/div><div class=\"wpcf7-response-output\" aria-hidden=\"true\"><\/div>\n<\/form>\n<\/div>\n\r\n\t\t\t\t<script>\r\n\t\t\t\tif ( typeof huOptions !== 'undefined' ) {\r\n\t\t\t\t\tvar huFormData = {\"source\":\"contactform7\",\"id\":1104,\"title\":\"Contact us\",\"fields\":{\"subject\":{\"first_name\":\"your-name\",\"email\":\"your-email\"},\"preferences\":{\"terms\":\"your-consent\"}}};\r\n\t\t\t\t\tvar huFormNode = document.querySelector( '[id^=\"wpcf7-f1104-\"] form' );\r\n\r\n\t\t\t\t\thuFormData['node'] = huFormNode;\r\n\t\t\t\t\thuOptions['forms'].push( huFormData );\r\n\t\t\t\t}\r\n\t\t\t\t<\/script>[\/vc_column][\/vc_row][vc_row enable_grid_lines=&#8220;&#8220; content_text_aligment=&#8220;center&#8220; css=&#8220;.vc_custom_1520435763056{padding-top: 50px !important;padding-bottom: 75px !important;}&#8220; simple_background_color=&#8220;#f34e3a&#8220;][vc_column][vc_column_text]<\/p>\n<h5><span style=\"color: #ffffff;\">Folge uns<\/span><\/h5>\n<p>[\/vc_column_text][vc_empty_space height=&#8220;30px&#8220;]    <span class=\"qodef-icon-shortcode qodef-circle   qodef-icon-large\" style=\"margin: 0px 15px 0px 0px;width: 55px;height: 55px;line-height: 55px;background-color: #de4734\" data-hover-background-color=\"#ffffff\" data-hover-color=\"#f34e3a\">\n                    <a itemprop=\"url\" class=\"\" href=\"https:\/\/www.facebook.com\/crossfit.sleddogs\/\" target=\"_blank\">\n                    <i class=\"qodef-icon-font-awesome fa fa-facebook qodef-icon-element\" style=\"font-size:20px\" ><\/i>                    <\/a>\n            <\/span>\n    <span class=\"qodef-icon-shortcode qodef-circle   qodef-icon-large\" style=\"margin: 0px 15px 0px 0px;width: 55px;height: 55px;line-height: 55px;background-color: #de4734\" data-hover-background-color=\"#ffffff\" data-hover-color=\"#f34e3a\">\n                    <a itemprop=\"url\" class=\"\" href=\"https:\/\/www.instagram.com\/crossfit.sleddogs.koblenz\" target=\"_blank\">\n                    <i class=\"qodef-icon-font-awesome fa fa-instagram qodef-icon-element\" style=\"font-size:20px\" ><\/i>                    <\/a>\n            <\/span>\n[\/vc_column][\/vc_row]<\/p>\n","protected":false},"excerpt":{"rendered":"<p>[vc_row row_content_width=&#8220;grid&#8220; enable_grid_lines=&#8220;&#8220; css=&#8220;.vc_custom_1520434378363{padding-bottom: 130px !important;}&#8220;][vc_column offset=&#8220;vc_col-lg-offset-0 vc_col-lg-6 vc_col-md-offset-0 vc_col-md-12 vc_col-sm-offset-0&#8243;][vc_empty_space height=&#8220;15px&#8220;][vc_column_text] Adresse [\/vc_column_text][vc_column_text css=&#8220;.vc_custom_1562509375775{margin-top: -10px !important;}&#8220;]Am Berg 6, 56070 Koblenz[\/vc_column_text][vc_row_inner enable_grid_lines=&#8220;&#8220;][vc_column_inner width=&#8220;1\/2&#8243;][vc_column_text] Telefonnummer [\/vc_column_text][vc_column_text css=&#8220;.vc_custom_1562509298069{margin-top: -10px !important;}&#8220;]0176 &#8211; 32 31 85 85[\/vc_column_text][vc_empty_space height=&#8220;20px&#8220;][\/vc_column_inner][vc_column_inner width=&#8220;1\/2&#8243;][vc_column_text] EMail [\/vc_column_text][vc_column_text css=&#8220;.vc_custom_1580267971683{margin-top: -10px !important;}&#8220;]info@crossfit-sleddogs.de[\/vc_column_text][vc_empty_space height=&#8220;20px&#8220;][\/vc_column_inner][\/vc_row_inner][\/vc_column][vc_column offset=&#8220;vc_col-lg-offset-0 vc_col-lg-6 vc_col-md-offset-0 vc_col-md-12 vc_col-sm-offset-0&#8243;][vc_empty_space height=&#8220;15px&#8220;][vc_empty_space height=&#8220;15px&#8220;][vc_empty_space height=&#8220;15px&#8220;][vc_empty_space height=&#8220;15px&#8220;][vc_empty_space height=&#8220;15px&#8220;][vc_empty_space height=&#8220;15px&#8220;][\/vc_column][\/vc_row][vc_row enable_grid_lines=&#8220;&#8220; content_text_aligment=&#8220;center&#8220; css=&#8220;.vc_custom_1520435763056{padding-top: 50px !important;padding-bottom: 75px !important;}&#8220; simple_background_color=&#8220;#f34e3a&#8220;][vc_column][vc_column_text] Folge uns [\/vc_column_text][vc_empty_space height=&#8220;30px&#8220;][\/vc_column][\/vc_row]<\/p>\n","protected":false},"author":1,"featured_media":0,"parent":0,"menu_order":0,"comment_status":"closed","ping_status":"closed","template":"full-width.php","meta":{"footnotes":""},"class_list":["post-1632","page","type-page","status-publish","hentry"],"_links":{"self":[{"href":"https:\/\/crossfit-sleddogs.de\/index.php?rest_route=\/wp\/v2\/pages\/1632","targetHints":{"allow":["GET"]}}],"collection":[{"href":"https:\/\/crossfit-sleddogs.de\/index.php?rest_route=\/wp\/v2\/pages"}],"about":[{"href":"https:\/\/crossfit-sleddogs.de\/index.php?rest_route=\/wp\/v2\/types\/page"}],"author":[{"embeddable":true,"href":"https:\/\/crossfit-sleddogs.de\/index.php?rest_route=\/wp\/v2\/users\/1"}],"replies":[{"embeddable":true,"href":"https:\/\/crossfit-sleddogs.de\/index.php?rest_route=%2Fwp%2Fv2%2Fcomments&post=1632"}],"version-history":[{"count":8,"href":"https:\/\/crossfit-sleddogs.de\/index.php?rest_route=\/wp\/v2\/pages\/1632\/revisions"}],"predecessor-version":[{"id":4474,"href":"https:\/\/crossfit-sleddogs.de\/index.php?rest_route=\/wp\/v2\/pages\/1632\/revisions\/4474"}],"wp:attachment":[{"href":"https:\/\/crossfit-sleddogs.de\/index.php?rest_route=%2Fwp%2Fv2%2Fmedia&parent=1632"}],"curies":[{"name":"wp","href":"https:\/\/api.w.org\/{rel}","templated":true}]}}