{"id":1931,"date":"2019-12-19T21:19:44","date_gmt":"2019-12-19T21:19:44","guid":{"rendered":"http:\/\/prowess.select-themes.com\/?page_id=1931"},"modified":"2025-11-03T17:48:51","modified_gmt":"2025-11-03T16:48:51","slug":"angebot","status":"publish","type":"page","link":"https:\/\/crossfit-sleddogs.de\/?page_id=1931","title":{"rendered":"Angebot"},"content":{"rendered":"<p>[vc_row row_content_width=&#8220;grid&#8220; enable_grid_lines=&#8220;&#8220; disable_background_image=&#8220;&#8220; css=&#8220;.vc_custom_1562848306379{padding-top: 160px !important;padding-bottom: 80px !important;}&#8220; simple_background_image=&#8220;706&#8243;][vc_column]<div class=\"qodef-section-title-holder   \" >\n\t<div class=\"qodef-st-inner\">\n\t\t\t\t\t<h2 class=\"qodef-st-title\" >\n\t\t\t\tWHAT WE HAVE TO OFFER\t\t\t<\/h2>\n\t\t                    <h4 class=\"qodef-st-title-number\" style=\"font-size: 150px\">\n            02            <\/h4>\n        \t\t\t<\/div>\n<\/div>[\/vc_column][\/vc_row][vc_row enable_grid_lines=&#8220;&#8220;][vc_column width=&#8220;1\/3&#8243; css=&#8220;.vc_custom_1611497951724{padding-top: 0px !important;padding-right: 0px !important;padding-bottom: 0px !important;padding-left: 0px !important;}&#8220;]<div class=\"qodef-info-box-holder qodef-info-box-with-image\">\n\n\t<div class=\"qodef-info-box-inner\">\n\t\t<div class=\"qodef-ib-front-holder\">\n\t\t\t<div class=\"qodef-ib-front-holder-inner\">\n\t\t\t\t<div class=\"qodef-ib-top-holder\">\n\t\t\t\t\t\t\t\t\t\t\t<div class=\"qodef-ib-icon-holder\">\n\t\t\t\t\t\t\t\t\t\t\t\t\t\t\t<img loading=\"lazy\" decoding=\"async\" width=\"82\" height=\"82\" src=\"https:\/\/crossfit-sleddogs.de\/wp-content\/uploads\/2018\/02\/info-box-vector-1-1.png\" class=\"attachment-full size-full\" alt=\"b\" \/>\t\t\t\t\t\t\t\t\t\t\t\t\t<\/div>\n\t\t\t\t\t\n\t\t\t\t\t\t\t\t\t\t\t<div class=\"qodef-ib-title-holder\">\n\t\t\t\t\t\t\t<h3 class=\"qodef-ib-title\">Small Group Classes<\/h3>\n\t\t\t\t\t\t<\/div>\n\t\t\t\t\t\t\t\t\t<\/div>\n\n\t\t\t\t<div class=\"qodef-ib-bottom-holder\">\n\t\t\t\t\t\t\t\t\t\t\t<div class=\"qodef-ib-text-holder\">\n\t\t\t\t\t\t\t<p>Individuelle Betreuung dank kleiner Gruppen von max. 14 Personen je Workout.<\/p>\n\t\t\t\t\t\t<\/div>\n\t\t\t\t\t\n\t\t\t\t\t\t\t\t\t\t\t<div class=\"qodef-ib-button-holder\">\n\t\t\t\t\t\t\t<a itemprop=\"url\" href=\"https:\/\/crossfit-sleddogs.de\/?page_id=675\" target=\"_self\" style=\"color: #f34e3a\" class=\"qodef-btn qodef-btn-small qodef-btn-simple qodef-btn-custom-hover-color qodef-btn-icon\" data-hover-color=\"#ffffff\" >    <span class=\"qodef-btn-text\"><span class=\"qodef-btn-text-inner\">Los geht\u00b4s<\/span><\/span>    <span class=\"qodef-btn-text-inner qodef-btn-text-inner-icon\">    \t<i class=\"qodef-icon-ion-icon ion-arrow-right-c \" ><\/i>    \t<i class=\"qodef-icon-ion-icon ion-arrow-right-c \" ><\/i>\t    <\/span><\/a>\t\t\t\t\t\t<\/div>\n\t\t\t\t\t\t\t\t\t<\/div>\n\t\t\t<\/div>\n\n\t\t<\/div>\n\n\n\n\t\t<div class=\"qodef-ib-overlay\" style=\"background-image: url(https:\/\/crossfit-sleddogs.de\/wp-content\/uploads\/2024\/01\/crossfitsleddogs0005.jpg)\"><\/div>\n\t<\/div>\n<\/div>[\/vc_column][vc_column width=&#8220;1\/3&#8243; css=&#8220;.vc_custom_1611497958497{padding-top: 0px !important;padding-right: 0px !important;padding-bottom: 0px !important;padding-left: 0px !important;}&#8220;]<div class=\"qodef-info-box-holder qodef-info-box-with-image\">\n\n\t<div class=\"qodef-info-box-inner\">\n\t\t<div class=\"qodef-ib-front-holder\">\n\t\t\t<div class=\"qodef-ib-front-holder-inner\">\n\t\t\t\t<div class=\"qodef-ib-top-holder\">\n\t\t\t\t\t\t\t\t\t\t\t<div class=\"qodef-ib-icon-holder\">\n\t\t\t\t\t\t\t\t\t\t\t\t\t\t\t<img loading=\"lazy\" decoding=\"async\" width=\"82\" height=\"82\" src=\"https:\/\/crossfit-sleddogs.de\/wp-content\/uploads\/2018\/02\/info-box-vector-2-1.png\" class=\"attachment-full size-full\" alt=\"b\" \/>\t\t\t\t\t\t\t\t\t\t\t\t\t<\/div>\n\t\t\t\t\t\n\t\t\t\t\t\t\t\t\t\t\t<div class=\"qodef-ib-title-holder\">\n\t\t\t\t\t\t\t<h3 class=\"qodef-ib-title\">Personal Training<\/h3>\n\t\t\t\t\t\t<\/div>\n\t\t\t\t\t\t\t\t\t<\/div>\n\n\t\t\t\t<div class=\"qodef-ib-bottom-holder\">\n\t\t\t\t\t\t\t\t\t\t\t<div class=\"qodef-ib-text-holder\">\n\t\t\t\t\t\t\t<p>All eyes on you - nur Du und Dein Coach f\u00fcr maximale Trainingserfolge. Level: vom Beginner bis zum Profi.<\/p>\n\t\t\t\t\t\t<\/div>\n\t\t\t\t\t\n\t\t\t\t\t\t\t\t\t\t\t<div class=\"qodef-ib-button-holder\">\n\t\t\t\t\t\t\t<a itemprop=\"url\" href=\"https:\/\/crossfit-sleddogs.de\/?page_id=1162\" target=\"_self\" style=\"color: #f34e3a\" class=\"qodef-btn qodef-btn-small qodef-btn-simple qodef-btn-custom-hover-color qodef-btn-icon\" data-hover-color=\"#ffffff\" >    <span class=\"qodef-btn-text\"><span class=\"qodef-btn-text-inner\">Los geht\u00b4s<\/span><\/span>    <span class=\"qodef-btn-text-inner qodef-btn-text-inner-icon\">    \t<i class=\"qodef-icon-ion-icon ion-arrow-right-c \" ><\/i>    \t<i class=\"qodef-icon-ion-icon ion-arrow-right-c \" ><\/i>\t    <\/span><\/a>\t\t\t\t\t\t<\/div>\n\t\t\t\t\t\t\t\t\t<\/div>\n\t\t\t<\/div>\n\n\t\t<\/div>\n\n\n\n\t\t<div class=\"qodef-ib-overlay\" style=\"background-image: url(https:\/\/crossfit-sleddogs.de\/wp-content\/uploads\/2024\/01\/crossfitsleddogs0004.jpg)\"><\/div>\n\t<\/div>\n<\/div>[\/vc_column][vc_column width=&#8220;1\/3&#8243; css=&#8220;.vc_custom_1611497963546{padding-top: 0px !important;padding-right: 0px !important;padding-bottom: 0px !important;padding-left: 0px !important;}&#8220;]<div class=\"qodef-info-box-holder qodef-info-box-with-image\">\n\n\t<div class=\"qodef-info-box-inner\">\n\t\t<div class=\"qodef-ib-front-holder\">\n\t\t\t<div class=\"qodef-ib-front-holder-inner\">\n\t\t\t\t<div class=\"qodef-ib-top-holder\">\n\t\t\t\t\t\t\t\t\t\t\t<div class=\"qodef-ib-icon-holder\">\n\t\t\t\t\t\t\t\t\t\t\t\t\t\t\t<img loading=\"lazy\" decoding=\"async\" width=\"85\" height=\"85\" src=\"https:\/\/crossfit-sleddogs.de\/wp-content\/uploads\/2019\/12\/crossfitkoblenz2.png\" class=\"attachment-full size-full\" alt=\"crossfitinkoblenz\" \/>\t\t\t\t\t\t\t\t\t\t\t\t\t<\/div>\n\t\t\t\t\t\n\t\t\t\t\t\t\t\t\t\t\t<div class=\"qodef-ib-title-holder\">\n\t\t\t\t\t\t\t<h3 class=\"qodef-ib-title\">Food Coaching<\/h3>\n\t\t\t\t\t\t<\/div>\n\t\t\t\t\t\t\t\t\t<\/div>\n\n\t\t\t\t<div class=\"qodef-ib-bottom-holder\">\n\t\t\t\t\t\t\t\t\t\t\t<div class=\"qodef-ib-text-holder\">\n\t\t\t\t\t\t\t<p>Gen basierte Ern\u00e4hrungsberatung, f\u00fcr Deine optimale Ern\u00e4hrung! Passend zu Deinen Workouts.<\/p>\n\t\t\t\t\t\t<\/div>\n\t\t\t\t\t\n\t\t\t\t\t\t\t\t\t\t\t<div class=\"qodef-ib-button-holder\">\n\t\t\t\t\t\t\t<a itemprop=\"url\" href=\"https:\/\/crossfit-sleddogs.de\/?page_id=2972\" target=\"_self\" style=\"color: #f34e3a\" class=\"qodef-btn qodef-btn-small qodef-btn-simple qodef-btn-custom-hover-color qodef-btn-icon\" data-hover-color=\"#ffffff\" >    <span class=\"qodef-btn-text\"><span class=\"qodef-btn-text-inner\">Los geht\u00b4s<\/span><\/span>    <span class=\"qodef-btn-text-inner qodef-btn-text-inner-icon\">    \t<i class=\"qodef-icon-ion-icon ion-arrow-right-c \" ><\/i>    \t<i class=\"qodef-icon-ion-icon ion-arrow-right-c \" ><\/i>\t    <\/span><\/a>\t\t\t\t\t\t<\/div>\n\t\t\t\t\t\t\t\t\t<\/div>\n\t\t\t<\/div>\n\n\t\t<\/div>\n\n\n\n\t\t<div class=\"qodef-ib-overlay\" style=\"background-image: url(https:\/\/crossfit-sleddogs.de\/wp-content\/uploads\/2019\/12\/crossfitkoblenz007.jpg)\"><\/div>\n\t<\/div>\n<\/div>[\/vc_column][\/vc_row][vc_row row_content_width=&#8220;grid&#8220; enable_grid_lines=&#8220;&#8220; simple_background_color=&#8220;#fbfbfb&#8220; css=&#8220;.vc_custom_1520248729447{padding-top: 145px !important;}&#8220;][vc_column offset=&#8220;vc_col-lg-offset-2 vc_col-lg-8 vc_col-md-12&#8243;]<div class=\"qodef-section-title-holder  qodef-tn-position-center \" style=\"text-align: center\">\n\t<div class=\"qodef-st-inner\">\n\t\t\t\t\t<h2 class=\"qodef-st-title\" >\n\t\t\t\tTRAINING PROGRAMS\t\t\t<\/h2>\n\t\t        \t\t\t\t\t<h5 class=\"qodef-st-text\" >\n\t\t\t\tBist du ein Teamplayer oder ein Einzelk\u00e4mpfer? Du hast die Wahl! Entscheide dich f\u00fcr unsere Small Group Classes (max 14 Personen) oder ein Personal Training - vielleicht sogar beides? Egal wie Du Dich entscheidest, wir bieten Dir qualitativ hochwertiges Training und richten uns dabei ganz nach Deinen Bed\u00fcrfnissen.\t\t\t<\/h5>\n\t\t\t<\/div>\n<\/div>[\/vc_column][vc_column][vc_separator color=&#8220;orange&#8220; border_width=&#8220;7&#8243;][\/vc_column][vc_column css=&#8220;.vc_custom_1563794095330{padding-bottom: 30px !important;}&#8220;][\/vc_column][\/vc_row][vc_row row_content_width=&#8220;grid&#8220; enable_grid_lines=&#8220;&#8220;][vc_column css=&#8220;.vc_custom_1563792881808{padding-bottom: 20px !important;}&#8220;][\/vc_column][\/vc_row][vc_row row_content_width=&#8220;grid&#8220; enable_grid_lines=&#8220;&#8220; css=&#8220;.vc_custom_1519988245509{padding-top: 150px !important;padding-bottom: 150px !important;}&#8220;][vc_column]<div class=\"qodef-section-title-holder  qodef-tn-position-center \" style=\"text-align: center\">\n\t<div class=\"qodef-st-inner\">\n\t\t\t\t\t<h2 class=\"qodef-st-title\" >\n\t\t\t\tFRAGEN UND ANTWORTEN\t\t\t<\/h2>\n\t\t        \t\t\t<\/div>\n<\/div>[vc_separator color=&#8220;orange&#8220; border_width=&#8220;7&#8243; css=&#8220;.vc_custom_1563871825004{padding-top: 10px !important;padding-bottom: 50px !important;}&#8220;]<div class=\"qodef-tabs  qodef-tabs-vertical\">\n\t<ul class=\"qodef-tabs-nav clearfix\">\n\t\t\t\t\t<li>\n\t\t\t\t\t\t\t\t\t<a href=\"#tab-ist-functional-training-was-fuer-mich\">Ist Functional Training was f\u00fcr mich?<\/a>\n\t\t\t\t\t\t\t<\/li>\n\t\t\t\t\t<li>\n\t\t\t\t\t\t\t\t\t<a href=\"#tab-was-unterscheidet-uns-von-anderen-studios\">Was unterscheidet uns von anderen Studios?<\/a>\n\t\t\t\t\t\t\t<\/li>\n\t\t\t\t\t<li>\n\t\t\t\t\t\t\t\t\t<a href=\"#tab-wie-fange-ich-an\">Wie fange ich an?<\/a>\n\t\t\t\t\t\t\t<\/li>\n\t\t\t\t\t<li>\n\t\t\t\t\t\t\t\t\t<a href=\"#tab-muss-ich-schon-fit-sein-um-mitmachen-zu-koennen\">Muss ich schon fit sein um mitmachen zu k\u00f6nnen?<\/a>\n\t\t\t\t\t\t\t<\/li>\n\t\t\t\t\t<li>\n\t\t\t\t\t\t\t\t\t<a href=\"#tab-kann-ich-jedes-workout-mitmachen\">Kann ich jedes Workout mitmachen?<\/a>\n\t\t\t\t\t\t\t<\/li>\n\t\t\t\t\t<li>\n\t\t\t\t\t\t\t\t\t<a href=\"#tab-wie-lange-dauert-ein-workout\">Wie lange dauert ein Workout?<\/a>\n\t\t\t\t\t\t\t<\/li>\n\t\t\t\t\t<li>\n\t\t\t\t\t\t\t\t\t<a href=\"#tab-kann-ich-mit-functional-training-muskulatur-aufbauen\">Kann ich mit Functional Training Muskulatur aufbauen?<\/a>\n\t\t\t\t\t\t\t<\/li>\n\t\t\t\t\t<li>\n\t\t\t\t\t\t\t\t\t<a href=\"#tab-koennt-ihr-mich-auch-bei-meiner-ernaehrung-unterstuetzen\">K\u00f6nnt ihr mich auch bei meiner Ern\u00e4hrung unterst\u00fctzen?<\/a>\n\t\t\t\t\t\t\t<\/li>\n\t\t\t\t\t\t\t<li class=\"qodef-tab-line\"><\/li>\n\t\t\t<\/ul>\n\t<div class=\"qodef-tab-container\"         id=\"tab-ist-functional-training-was-fuer-mich-220\"><div class=\"qodef-section-title-holder  qodef-tn-position-left \" style=\"padding: 0 15% 0 0;text-align: left\">\n\t<div class=\"qodef-st-inner\">\n\t\t        \t\t\t\t\t<h5 class=\"qodef-st-text\" style=\"margin-top: 26px\">\n\t\t\t\tFunctional Training ist f\u00fcr jeden geeignet \u2013 M\u00fctter, Senioren, Polizisten, Feuer- wehrm\u00e4nner, B\u00fcrohengste und auch f\u00fcr Elite-Athleten!<br \/>\nWir passen die \u00dcbungen Deinen Bed\u00fcrfnissen an, aber pushen Dich, wenn Du es brauchst. Fett-Verbrennung, Ausdauer, Kraft, Flexibilit\u00e4t, Power, Schnelligkeit, Koordination, Genauigkeit und Agilit\u00e4t. Wir behandeln den K\u00f6rper und die Person als ein Ganzes.\t\t\t<\/h5>\n\t\t\t<\/div>\n<\/div>[vc_empty_space height=&#8220;51px&#8220;]<\/div><div class=\"qodef-tab-container\"         id=\"tab-was-unterscheidet-uns-von-anderen-studios-246\"><div class=\"qodef-section-title-holder  qodef-tn-position-left \" style=\"padding: 0 15% 0 0;text-align: left\">\n\t<div class=\"qodef-st-inner\">\n\t\t        \t\t\t\t\t<h5 class=\"qodef-st-text\" style=\"margin-top: 25px\">\n\t\t\t\tWir lassen dich nicht alleine! Du trainierst immer nur in kleinen Gruppen mit max. 14 Personen und wirst in allen Workouts durch einen erfahrenen Coach unterst\u00fctzt, der dir Technik und Durchf\u00fchrung step by step vermittelt. Dabei orientieren wir uns stets an deinen individuellen Voraussetzungen und Bed\u00fcrfnissen. Somit erzielen wir nicht nur bessere Resultate, sondern sind motiviert und mit Spa\u00df beim Training.<br \/>\nDamit wir auch effektiv arbeiten k\u00f6nnen, gibt es bei uns keine gef\u00fchrten Ger\u00e4te. Wir nutzen unser eigenes K\u00f6rpergewicht und Equipment wie Kettlebells (Kugelhanteln), Langhanteln, Widerstandsb\u00e4nder, Seile, B\u00e4lle, Schlitten und vieles mehr, um unser Training effektiv und abwechslungsreich zu gestalten.\t\t\t<\/h5>\n\t\t\t<\/div>\n<\/div>[vc_empty_space height=&#8220;51px&#8220;]<\/div><div class=\"qodef-tab-container\"         id=\"tab-wie-fange-ich-an-452\"><div class=\"qodef-section-title-holder  qodef-tn-position-left \" style=\"padding: 0 15% 0 0;text-align: left\">\n\t<div class=\"qodef-st-inner\">\n\t\t        \t\t\t\t\t<h5 class=\"qodef-st-text\" style=\"margin-top: 25px\">\n\t\t\t\tAm besten Du probierst Functional Training einfach f\u00fcr Dich aus!<br \/>\nMelde Dich bei uns \u00fcber die Kontaktseite und vereinbare einen kostenlosen Probetermin. Wenn Du vor Ort bist, besprechen wir offene Fragen und Du nimmst direkt an einem regul\u00e4ren Workout teil. Wenn es Dir gefallen hat und Du Dich f\u00fcr eine Mitgliedschaft entscheidest, schalten wir Dich f\u00fcr unsere Online-Anmeldung frei und du kannst dich f\u00fcr deine n\u00e4chsten Workouts eigenst\u00e4ndig anmelden.<br \/>\nInnerhalb des ersten Monats empfehlen wir ein Movement Screening (einmalig 49 \u20ac) zu absolvieren, damit wir m\u00f6gliche Dysbalancen, Einschr\u00e4nkungen in der Beweglichkeit und m\u00f6gliche potentielle Gefahrenquellen f\u00fcr Verletzungen rechtzeitig identifizieren und ausschalten k\u00f6nnen.\t\t\t<\/h5>\n\t\t\t<\/div>\n<\/div>[vc_empty_space height=&#8220;51px&#8220;]<\/div><div class=\"qodef-tab-container\"         id=\"tab-muss-ich-schon-fit-sein-um-mitmachen-zu-koennen-320\"><div class=\"qodef-section-title-holder  qodef-tn-position-left \" style=\"padding: 0 15% 0 0;text-align: left\">\n\t<div class=\"qodef-st-inner\">\n\t\t        \t\t\t\t\t<h5 class=\"qodef-st-text\" style=\"margin-top: 25px\">\n\t\t\t\tNein! Jedes Workout, das wir machen, l\u00e4sst sich auf Deine aktuellen und individuellen F\u00e4higkeiten und Bed\u00fcrfnisse anpassen. Wir werden die Belastung erh\u00f6hen, wenn sich Deine Fitness erh\u00f6ht.<br \/>\nWenn Du es schaffst von der Couch aufzustehen, dann kannst du auch mit uns trainieren \ud83d\ude09\t\t\t<\/h5>\n\t\t\t<\/div>\n<\/div>[vc_empty_space height=&#8220;51px&#8220;]<\/div><div class=\"qodef-tab-container\"         id=\"tab-kann-ich-jedes-workout-mitmachen-615\"><div class=\"qodef-section-title-holder  qodef-tn-position-left \" style=\"padding: 0 15% 0 0;text-align: left\">\n\t<div class=\"qodef-st-inner\">\n\t\t        \t\t\t\t\t<h5 class=\"qodef-st-text\" style=\"margin-top: 25px\">\n\t\t\t\tDefinitiv ja! Da du immer mit einem Coach an deiner Seite trainierst, k\u00f6nnen wir auch in der kleinen Gruppe jede \u00dcbung deinem individuellen Fitnesslevel und Voraussetzungen anpassen. Egal ob du bereits top fit bist, grade eine Knieverletzung auskuriert hast, noch nie in Deinem Leben Sport gemacht hast oder bisher nur das klassische Fitnesstraining gewohnt bist.\t\t\t<\/h5>\n\t\t\t<\/div>\n<\/div>[vc_empty_space height=&#8220;51px&#8220;]<\/div><div class=\"qodef-tab-container\"         id=\"tab-wie-lange-dauert-ein-workout-335\"><div class=\"qodef-section-title-holder  qodef-tn-position-left \" style=\"padding: 0 15% 0 0;text-align: left\">\n\t<div class=\"qodef-st-inner\">\n\t\t        \t\t\t\t\t<h5 class=\"qodef-st-text\" style=\"margin-top: 25px\">\n\t\t\t\tEin Workout dauert in der Regel 60 Minuten, es gibt aber auch ein paar 30 und 90 min\u00fctige Workouts. Du kannst also W\u00e4hlen je nach Zielsetzung oder wie viel Zeit du f\u00fcr dein Training zur Verf\u00fcgung hast. Bei den 90 min\u00fctigen Workouts integrieren wir z.B. technisch anspruchsvollere \u00dcbungen, da wir hier gen\u00fcgend Zeit haben die Techniken zu \u00fcben.<br \/>\nDie genauen Zeiten kannst du unserem Kursplan entnehmen.\t\t\t<\/h5>\n\t\t\t<\/div>\n<\/div>[vc_empty_space height=&#8220;51px&#8220;]<\/div><div class=\"qodef-tab-container\"         id=\"tab-kann-ich-mit-functional-training-muskulatur-aufbauen-634\"><div class=\"qodef-section-title-holder  qodef-tn-position-left \" style=\"padding: 0 15% 0 0;text-align: left\">\n\t<div class=\"qodef-st-inner\">\n\t\t        \t\t\t\t\t<h5 class=\"qodef-st-text\" style=\"margin-top: 25px\">\n\t\t\t\tNat\u00fcrlich kannst du damit Muskulatur aufbauen. Aufgrund der Vielf\u00e4ltigkeit im Training und der professionellen Anleitung deines Coaches wirst du tolle Resultate erzielen.\nUmgekehrt brauchst du nat\u00fcrlich keine Angst davor zu haben nachher wie ein Bodybuilder auszusehen. Denn unser Training zielt nicht auf das Volumen der Muskulatur ab, sondern auf die Funktionalit\u00e4t und wird f\u00fcr einen straffen, gut definierten K\u00f6rper sorgen. Vorausgesetzt, die Ern\u00e4hrung stimmt.\t\t\t<\/h5>\n\t\t\t<\/div>\n<\/div>[vc_empty_space height=&#8220;51px&#8220;]<\/div><div class=\"qodef-tab-container\"         id=\"tab-koennt-ihr-mich-auch-bei-meiner-ernaehrung-unterstuetzen-756\"><div class=\"qodef-section-title-holder  qodef-tn-position-left \" style=\"padding: 0 15% 0 0;text-align: left\">\n\t<div class=\"qodef-st-inner\">\n\t\t        \t\t\t\t\t<h5 class=\"qodef-st-text\" style=\"margin-top: 25px\">\n\t\t\t\tErn\u00e4hrung ist neben einem regelm\u00e4\u00dfigen Training das A und O, wenn es darum geht gesund, fit und leistungsf\u00e4hig zu sein. Daher sind Sport und Bewegung nicht voneinander zu trennen.<br \/>\nWir haben \u00fcber die Jahre festgestellt, dass die klassische Ern\u00e4hrungsberatung mit Kalorienz\u00e4hlen und einer vorgegeben Makron\u00e4hrstoffverteilung nur bedingt zum Ziel f\u00fchrt und erst recht nicht immer gesundheitsf\u00f6rdernd ist.<br \/>\nDaher setzen wir bei CrossFit Sleddogs in Koblenz auf eine funktionelle Ern\u00e4hrungsberatung, die den Fokus auf Deine Gene und Deinen Hormonhaushalt richtet.<br \/>\nYve, Inhaberin und Head Coach, wird Dir gerne in einem pers\u00f6nlichen Gespr\u00e4ch all Deine Fragen beantworten.\t\t\t<\/h5>\n\t\t\t<\/div>\n<\/div>[vc_empty_space height=&#8220;51px&#8220;]<\/div><\/div>[\/vc_column][\/vc_row]<\/p>\n","protected":false},"excerpt":{"rendered":"<p>[vc_row row_content_width=&#8220;grid&#8220; enable_grid_lines=&#8220;&#8220; disable_background_image=&#8220;&#8220; css=&#8220;.vc_custom_1562848306379{padding-top: 160px !important;padding-bottom: 80px !important;}&#8220; simple_background_image=&#8220;706&#8243;][vc_column][\/vc_column][\/vc_row][vc_row enable_grid_lines=&#8220;&#8220;][vc_column width=&#8220;1\/3&#8243; css=&#8220;.vc_custom_1611497951724{padding-top: 0px !important;padding-right: 0px !important;padding-bottom: 0px !important;padding-left: 0px !important;}&#8220;][\/vc_column][vc_column width=&#8220;1\/3&#8243; css=&#8220;.vc_custom_1611497958497{padding-top: 0px !important;padding-right: 0px !important;padding-bottom: 0px !important;padding-left: 0px !important;}&#8220;][\/vc_column][vc_column width=&#8220;1\/3&#8243; css=&#8220;.vc_custom_1611497963546{padding-top: 0px !important;padding-right: 0px !important;padding-bottom: 0px !important;padding-left: 0px !important;}&#8220;][\/vc_column][\/vc_row][vc_row row_content_width=&#8220;grid&#8220; enable_grid_lines=&#8220;&#8220; simple_background_color=&#8220;#fbfbfb&#8220; css=&#8220;.vc_custom_1520248729447{padding-top: 145px !important;}&#8220;][vc_column offset=&#8220;vc_col-lg-offset-2 vc_col-lg-8 vc_col-md-12&#8243;][\/vc_column][vc_column][vc_separator color=&#8220;orange&#8220; border_width=&#8220;7&#8243;][\/vc_column][vc_column css=&#8220;.vc_custom_1563794095330{padding-bottom: 30px !important;}&#8220;][\/vc_column][\/vc_row][vc_row row_content_width=&#8220;grid&#8220; enable_grid_lines=&#8220;&#8220;][vc_column css=&#8220;.vc_custom_1563792881808{padding-bottom: 20px !important;}&#8220;][\/vc_column][\/vc_row][vc_row row_content_width=&#8220;grid&#8220; enable_grid_lines=&#8220;&#8220; css=&#8220;.vc_custom_1519988245509{padding-top: 150px !important;padding-bottom: 150px !important;}&#8220;][vc_column][vc_separator color=&#8220;orange&#8220; border_width=&#8220;7&#8243; css=&#8220;.vc_custom_1563871825004{padding-top: 10px !important;padding-bottom: 50px !important;}&#8220;][\/vc_column][\/vc_row]<\/p>\n","protected":false},"author":1,"featured_media":0,"parent":0,"menu_order":0,"comment_status":"closed","ping_status":"closed","template":"","meta":{"footnotes":""},"class_list":["post-1931","page","type-page","status-publish","hentry"],"_links":{"self":[{"href":"https:\/\/crossfit-sleddogs.de\/index.php?rest_route=\/wp\/v2\/pages\/1931","targetHints":{"allow":["GET"]}}],"collection":[{"href":"https:\/\/crossfit-sleddogs.de\/index.php?rest_route=\/wp\/v2\/pages"}],"about":[{"href":"https:\/\/crossfit-sleddogs.de\/index.php?rest_route=\/wp\/v2\/types\/page"}],"author":[{"embeddable":true,"href":"https:\/\/crossfit-sleddogs.de\/index.php?rest_route=\/wp\/v2\/users\/1"}],"replies":[{"embeddable":true,"href":"https:\/\/crossfit-sleddogs.de\/index.php?rest_route=%2Fwp%2Fv2%2Fcomments&post=1931"}],"version-history":[{"count":46,"href":"https:\/\/crossfit-sleddogs.de\/index.php?rest_route=\/wp\/v2\/pages\/1931\/revisions"}],"predecessor-version":[{"id":4818,"href":"https:\/\/crossfit-sleddogs.de\/index.php?rest_route=\/wp\/v2\/pages\/1931\/revisions\/4818"}],"wp:attachment":[{"href":"https:\/\/crossfit-sleddogs.de\/index.php?rest_route=%2Fwp%2Fv2%2Fmedia&parent=1931"}],"curies":[{"name":"wp","href":"https:\/\/api.w.org\/{rel}","templated":true}]}}