{"id":245,"date":"2018-02-19T09:51:38","date_gmt":"2018-02-19T09:51:38","guid":{"rendered":"http:\/\/prowess.select-themes.com\/?page_id=245"},"modified":"2025-09-26T15:55:10","modified_gmt":"2025-09-26T14:55:10","slug":"hyrox","status":"publish","type":"page","link":"https:\/\/crossfit-sleddogs.de\/?page_id=245","title":{"rendered":"HYROX"},"content":{"rendered":"<p>[vc_row enable_grid_lines=&#8220;&#8220;][vc_column offset=&#8220;vc_col-lg-offset-2 vc_col-lg-8 vc_col-md-12&#8243;][\/vc_column][\/vc_row][vc_row enable_grid_lines=&#8220;&#8220;][vc_column][vc_separator border_width=&#8220;3&#8243;][\/vc_column][\/vc_row][vc_row enable_grid_lines=&#8220;&#8220;][vc_column width=&#8220;1\/3&#8243;][vc_single_image image=&#8220;4693&#8243; img_size=&#8220;large&#8220;][vc_single_image image=&#8220;4680&#8243; img_size=&#8220;large&#8220;][\/vc_column][vc_column width=&#8220;1\/3&#8243;][vc_column_text css_animation=&#8220;fadeInUp&#8220;]<\/p>\n<h2 style=\"text-align: center;\"><strong>HYROX<\/strong><\/h2>\n<h4 style=\"text-align: center;\"><strong>HYROX kombiniert Lauf- und Functional-Fitnessstationen, bei denen die Teilnehmer im Wechsel immer 1 km laufen, gefolgt von einer Functional-Fitnessstation, dies wird achtmal wiederholt, sodass man insgesamt 8 Km l\u00e4uft und 8 Stationen absolviert.<\/strong><\/h4>\n<h4 style=\"text-align: center;\"><strong>Jedes Rennen wird in gro\u00dfz\u00fcgigen Messehallen ausgetragen, wodurch ein immersives und mitrei\u00dfendes Rennen entsteht, bei dem Ihre Zuschauer Sie vom Anfang bis zum Ende unterst\u00fctzen k\u00f6nnen.<\/strong><\/h4>\n<h4 style=\"text-align: center;\"><strong>Dieses Rennformat bleibt auf der ganzen Welt einheitlich und erm\u00f6glicht globale Bestenlisten und eine kumulative Weltmeisterschaften am Ende jeder Rennsaison.<\/strong><\/h4>\n<h4 style=\"text-align: center;\"><strong>HYROX ist der Sport f\u00fcr Jedermann und eignet sich sowohl f\u00fcr Profisportler als auch f\u00fcr Hobby-Fitnessbegeisterte, die ihr Training auf die n\u00e4chste Stufe bringen m\u00f6chten.<\/strong><\/h4>\n<p>[\/vc_column_text][vc_separator][vc_column_text css_animation=&#8220;fadeInUp&#8220;]<\/p>\n<h4 style=\"text-align: center;\"><b>Buche noch heute dein kostenfreies Probetraining!<\/b><\/h4>\n<h4 style=\"text-align: center;\"><b>Hyrox Classes finden Dienstags um 17:15, 18:30 und Donnerstags um 17:15 statt!<\/b><\/h4>\n<h4 style=\"text-align: center;\"><b>Wir freuen uns auf Dich!<\/b><\/h4>\n<h4 style=\"text-align: center;\"><\/h4>\n<p>[\/vc_column_text][vc_separator][vc_raw_html]JTNDY2VudGVyJTNFJTNDYSUyMGhyZWYlM0QlMjJodHRwcyUzQSUyRiUyRmFwcC5hY3VpdHlzY2hlZHVsaW5nLmNvbSUyRnNjaGVkdWxlLnBocCUzRm93bmVyJTNEMTg5Nzk3MzclMjIlMjB0YXJnZXQlM0QlMjJfYmxhbmslMjIlMjBjbGFzcyUzRCUyMmFjdWl0eS1lbWJlZC1idXR0b24lMjIlMjBzdHlsZSUzRCUyMmJhY2tncm91bmQlM0ElMjAlMjMwMDAwMDAlM0IlMjBjb2xvciUzQSUyMCUyM2ZmZiUzQiUyMHBhZGRpbmclM0ElMjAzMnB4JTIwNjRweCUzQiUyMGJvcmRlciUzQSUyMDBweCUzQiUyMC13ZWJraXQtYm94LXNoYWRvdyUzQSUyMDAlMjAtMnB4JTIwMCUyMHJnYmElMjgwJTJDMCUyQzAlMkMwLjE1JTI5JTIwaW5zZXQlM0ItbW96LWJveC1zaGFkb3clM0ElMjAwJTIwLTJweCUyMDAlMjByZ2JhJTI4MCUyQzAlMkMwJTJDMC4xNSUyOSUyMGluc2V0JTNCYm94LXNoYWRvdyUzQSUyMDAlMjAtMnB4JTIwMCUyMHJnYmElMjgwJTJDMCUyQzAlMkMwLjE1JTI5JTIwaW5zZXQlM0Jib3JkZXItcmFkaXVzJTNBJTIwNHB4JTNCJTIwdGV4dC1kZWNvcmF0aW9uJTNBJTIwbm9uZSUzQiUyMGRpc3BsYXklM0ElMjBpbmxpbmUtYmxvY2slM0IlMjIlM0VLbGlja2UlMjBoaWVyJTIwZiVDMyVCQ3IlMjBkZWluJTIwUHJvYmV0cmFpbmluZyUyMSUzQyUyRmElM0UlM0NsaW5rJTIwcmVsJTNEJTIyc3R5bGVzaGVldCUyMiUyMGhyZWYlM0QlMjJodHRwcyUzQSUyRiUyRmVtYmVkLmFjdWl0eXNjaGVkdWxpbmcuY29tJTJGZW1iZWQlMkZidXR0b24lMkYxODk3OTczNy5jc3MlMjIlMjBpZCUzRCUyMmFjdWl0eS1idXR0b24tc3R5bGVzJTIyJTIwJTJGJTNFJTNDc2NyaXB0JTIwc3JjJTNEJTIyaHR0cHMlM0ElMkYlMkZlbWJlZC5hY3VpdHlzY2hlZHVsaW5nLmNvbSUyRmVtYmVkJTJGYnV0dG9uJTJGMTg5Nzk3MzcuanMlMjIlMjBhc3luYyUzRSUzQyUyRnNjcmlwdCUzRSUzQyUyRmNlbnRlciUzRQ==[\/vc_raw_html][\/vc_column][vc_column width=&#8220;1\/3&#8243;][vc_single_image image=&#8220;4681&#8243; img_size=&#8220;large&#8220; alignment=&#8220;right&#8220;][vc_single_image image=&#8220;4690&#8243; img_size=&#8220;large&#8220; alignment=&#8220;right&#8220;][\/vc_column][\/vc_row][vc_row enable_grid_lines=&#8220;&#8220;][vc_column width=&#8220;1\/3&#8243;][\/vc_column][vc_column width=&#8220;1\/3&#8243;][\/vc_column][vc_column width=&#8220;1\/3&#8243;][\/vc_column][\/vc_row][vc_row enable_grid_lines=&#8220;&#8220;][vc_column][\/vc_column][\/vc_row]<\/p>\n","protected":false},"excerpt":{"rendered":"<p>[vc_row enable_grid_lines=&#8220;&#8220;][vc_column offset=&#8220;vc_col-lg-offset-2 vc_col-lg-8 vc_col-md-12&#8243;][\/vc_column][\/vc_row][vc_row enable_grid_lines=&#8220;&#8220;][vc_column][vc_separator border_width=&#8220;3&#8243;][\/vc_column][\/vc_row][vc_row enable_grid_lines=&#8220;&#8220;][vc_column width=&#8220;1\/3&#8243;][vc_single_image image=&#8220;4693&#8243; img_size=&#8220;large&#8220;][vc_single_image image=&#8220;4680&#8243; img_size=&#8220;large&#8220;][\/vc_column][vc_column width=&#8220;1\/3&#8243;][vc_column_text css_animation=&#8220;fadeInUp&#8220;] HYROX HYROX kombiniert Lauf- und Functional-Fitnessstationen, bei denen die Teilnehmer im Wechsel immer 1 km laufen, gefolgt von einer Functional-Fitnessstation, dies wird achtmal wiederholt, sodass man insgesamt 8 Km l\u00e4uft und 8 Stationen absolviert. Jedes Rennen wird in gro\u00dfz\u00fcgigen Messehallen ausgetragen, wodurch ein immersives und mitrei\u00dfendes Rennen entsteht, bei dem Ihre Zuschauer Sie vom Anfang bis zum Ende unterst\u00fctzen k\u00f6nnen. Dieses Rennformat bleibt auf der ganzen Welt einheitlich und erm\u00f6glicht globale Bestenlisten und eine kumulative [&hellip;]<\/p>\n","protected":false},"author":1,"featured_media":0,"parent":0,"menu_order":0,"comment_status":"closed","ping_status":"closed","template":"full-width.php","meta":{"footnotes":""},"class_list":["post-245","page","type-page","status-publish","hentry"],"_links":{"self":[{"href":"https:\/\/crossfit-sleddogs.de\/index.php?rest_route=\/wp\/v2\/pages\/245","targetHints":{"allow":["GET"]}}],"collection":[{"href":"https:\/\/crossfit-sleddogs.de\/index.php?rest_route=\/wp\/v2\/pages"}],"about":[{"href":"https:\/\/crossfit-sleddogs.de\/index.php?rest_route=\/wp\/v2\/types\/page"}],"author":[{"embeddable":true,"href":"https:\/\/crossfit-sleddogs.de\/index.php?rest_route=\/wp\/v2\/users\/1"}],"replies":[{"embeddable":true,"href":"https:\/\/crossfit-sleddogs.de\/index.php?rest_route=%2Fwp%2Fv2%2Fcomments&post=245"}],"version-history":[{"count":14,"href":"https:\/\/crossfit-sleddogs.de\/index.php?rest_route=\/wp\/v2\/pages\/245\/revisions"}],"predecessor-version":[{"id":4784,"href":"https:\/\/crossfit-sleddogs.de\/index.php?rest_route=\/wp\/v2\/pages\/245\/revisions\/4784"}],"wp:attachment":[{"href":"https:\/\/crossfit-sleddogs.de\/index.php?rest_route=%2Fwp%2Fv2%2Fmedia&parent=245"}],"curies":[{"name":"wp","href":"https:\/\/api.w.org\/{rel}","templated":true}]}}