{"id":2592,"date":"2018-03-08T14:10:41","date_gmt":"2018-03-08T14:10:41","guid":{"rendered":"http:\/\/prowess.select-themes.com\/?page_id=2592"},"modified":"2025-04-26T15:44:15","modified_gmt":"2025-04-26T14:44:15","slug":"preise","status":"publish","type":"page","link":"https:\/\/crossfit-sleddogs.de\/?page_id=2592","title":{"rendered":"Preise"},"content":{"rendered":"<p>[vc_row row_content_width=&#8220;grid&#8220; enable_grid_lines=&#8220;&#8220; css=&#8220;.vc_custom_1563795263645{padding-bottom: 40px !important;}&#8220;][vc_column width=&#8220;1\/2&#8243;][vc_row_inner enable_grid_lines=&#8220;&#8220; content_text_aligment=&#8220;right&#8220; css=&#8220;.vc_custom_1563794915063{padding-top: 100px !important;padding-bottom: 40px !important;}&#8220;][vc_column_inner width=&#8220;1\/2&#8243; offset=&#8220;vc_col-lg-6 vc_col-md-6&#8243;]<div class=\"qodef-section-title-holder  qodef-tn-position-left \" style=\"text-align: left\">\n\t<div class=\"qodef-st-inner\">\n\t\t\t\t\t<h2 class=\"qodef-st-title\" >\n\t\t\t\tPreise\t\t\t<\/h2>\n\t\t                    <h4 class=\"qodef-st-title-number\" style=\"font-size: 150px\">\n            03            <\/h4>\n        \t\t\t<\/div>\n<\/div><div class=\"qodef-section-title-holder  qodef-tn-position-center \" style=\"text-align: center\">\n\t<div class=\"qodef-st-inner\">\n\t\t        \t\t\t\t\t<h5 class=\"qodef-st-text\" >\n\t\t\t\tWir wissen, dass kein Alltag, keine Lebenssituation der anderen gleicht. Wir haben unterschiedliche Jobs, Arbeitszeiten, famili\u00e4re Verpflichtungen. Wir wollen all diesen Herausforderungen gerecht werden und haben daher ein ganzes Angebotsspektrum mit einer Vielzahl an M\u00f6glichkeiten entwickelt! Hier ist wirklich f\u00fcr jede Lebenssituation und jeden Geldbeutel was dabei, denn unser Herz schl\u00e4gt f\u00fcr den Sport, die Bewegung, die Gesundheit und wir wollen es so vielen Menschen wie nur m\u00f6glich zug\u00e4nglich machen!\t\t\t<\/h5>\n\t\t\t<\/div>\n<\/div><div class=\"qodef-section-title-holder  qodef-tn-position-center \" style=\"text-align: center\">\n\t<div class=\"qodef-st-inner\">\n\t\t        \t\t\t\t\t<h5 class=\"qodef-st-text\" >\n\t\t\t\tMach dir gerne selbst ein Bild von uns und unserer einmaligen Community bei einem kostenfreien Probetraining und lass dich im Anschluss bei Bedarf beraten, welcher Tarif am besten zu dir und deinen Bed\u00fcrfnissen passt.<br \/>\nDein erstes Training kannst du ganz einfach direkt hier ONLINE buchen.<br \/>\nWir freuen uns dich kennen zu lernen!\t\t\t<\/h5>\n\t\t\t<\/div>\n<\/div>[vc_btn title=&#8220;zum Probetraining&#8220; color=&#8220;warning&#8220; align=&#8220;center&#8220; link=&#8220;url:https%3A%2F%2Fcrossfit-sleddogs.de%2F%3Fpage_id%3D675||target:%20_blank|&#8220;][\/vc_column_inner][vc_column_inner width=&#8220;1\/2&#8243; css=&#8220;.vc_custom_1563876948633{padding-top: 20px !important;}&#8220;][vc_raw_html][\/vc_raw_html][\/vc_column_inner][\/vc_row_inner][\/vc_column][vc_column width=&#8220;1\/2&#8243; css=&#8220;.vc_custom_1563876924877{padding-top: 20px !important;}&#8220;][vc_empty_space height=&#8220;60px&#8220;][vc_single_image image=&#8220;4714&#8243; img_size=&#8220;large&#8220; alignment=&#8220;right&#8220; onclick=&#8220;custom_link&#8220; link=&#8220;https:\/\/crossfit-sleddogs.de\/?page_id=675&#8243;][\/vc_column][\/vc_row][vc_row row_content_width=&#8220;grid&#8220; enable_grid_lines=&#8220;&#8220; css=&#8220;.vc_custom_1521211884952{padding-bottom: 120px !important;}&#8220;][vc_column width=&#8220;1\/3&#8243;][\/vc_column][vc_column width=&#8220;3\/4&#8243; css=&#8220;.vc_custom_1563876658911{padding-left: 30px !important;}&#8220;][\/vc_column][vc_column width=&#8220;1\/3&#8243;][\/vc_column][\/vc_row][vc_row enable_grid_lines=&#8220;&#8220;][vc_column]<div class=\"qodef-pricing-tables clearfix qodef-three-columns qodef-normal-space\"><div class=\"qodef-pt-wrapper qodef-outer-space\"><\/div><\/div>[\/vc_column][\/vc_row]<\/p>\n","protected":false},"excerpt":{"rendered":"<p>[vc_row row_content_width=&#8220;grid&#8220; enable_grid_lines=&#8220;&#8220; css=&#8220;.vc_custom_1563795263645{padding-bottom: 40px !important;}&#8220;][vc_column width=&#8220;1\/2&#8243;][vc_row_inner enable_grid_lines=&#8220;&#8220; content_text_aligment=&#8220;right&#8220; css=&#8220;.vc_custom_1563794915063{padding-top: 100px !important;padding-bottom: 40px !important;}&#8220;][vc_column_inner width=&#8220;1\/2&#8243; offset=&#8220;vc_col-lg-6 vc_col-md-6&#8243;][vc_btn title=&#8220;zum Probetraining&#8220; color=&#8220;warning&#8220; align=&#8220;center&#8220; link=&#8220;url:https%3A%2F%2Fcrossfit-sleddogs.de%2F%3Fpage_id%3D675||target:%20_blank|&#8220;][\/vc_column_inner][vc_column_inner width=&#8220;1\/2&#8243; css=&#8220;.vc_custom_1563876948633{padding-top: 20px !important;}&#8220;][vc_raw_html][\/vc_raw_html][\/vc_column_inner][\/vc_row_inner][\/vc_column][vc_column width=&#8220;1\/2&#8243; css=&#8220;.vc_custom_1563876924877{padding-top: 20px !important;}&#8220;][vc_empty_space height=&#8220;60px&#8220;][vc_single_image image=&#8220;4714&#8243; img_size=&#8220;large&#8220; alignment=&#8220;right&#8220; onclick=&#8220;custom_link&#8220; link=&#8220;https:\/\/crossfit-sleddogs.de\/?page_id=675&#8243;][\/vc_column][\/vc_row][vc_row row_content_width=&#8220;grid&#8220; enable_grid_lines=&#8220;&#8220; css=&#8220;.vc_custom_1521211884952{padding-bottom: 120px !important;}&#8220;][vc_column width=&#8220;1\/3&#8243;][\/vc_column][vc_column width=&#8220;3\/4&#8243; css=&#8220;.vc_custom_1563876658911{padding-left: 30px !important;}&#8220;][\/vc_column][vc_column width=&#8220;1\/3&#8243;][\/vc_column][\/vc_row][vc_row enable_grid_lines=&#8220;&#8220;][vc_column][\/vc_column][\/vc_row]<\/p>\n","protected":false},"author":1,"featured_media":0,"parent":0,"menu_order":0,"comment_status":"closed","ping_status":"closed","template":"full-width.php","meta":{"footnotes":""},"class_list":["post-2592","page","type-page","status-publish","hentry"],"_links":{"self":[{"href":"https:\/\/crossfit-sleddogs.de\/index.php?rest_route=\/wp\/v2\/pages\/2592","targetHints":{"allow":["GET"]}}],"collection":[{"href":"https:\/\/crossfit-sleddogs.de\/index.php?rest_route=\/wp\/v2\/pages"}],"about":[{"href":"https:\/\/crossfit-sleddogs.de\/index.php?rest_route=\/wp\/v2\/types\/page"}],"author":[{"embeddable":true,"href":"https:\/\/crossfit-sleddogs.de\/index.php?rest_route=\/wp\/v2\/users\/1"}],"replies":[{"embeddable":true,"href":"https:\/\/crossfit-sleddogs.de\/index.php?rest_route=%2Fwp%2Fv2%2Fcomments&post=2592"}],"version-history":[{"count":30,"href":"https:\/\/crossfit-sleddogs.de\/index.php?rest_route=\/wp\/v2\/pages\/2592\/revisions"}],"predecessor-version":[{"id":4715,"href":"https:\/\/crossfit-sleddogs.de\/index.php?rest_route=\/wp\/v2\/pages\/2592\/revisions\/4715"}],"wp:attachment":[{"href":"https:\/\/crossfit-sleddogs.de\/index.php?rest_route=%2Fwp%2Fv2%2Fmedia&parent=2592"}],"curies":[{"name":"wp","href":"https:\/\/api.w.org\/{rel}","templated":true}]}}