{"id":2853,"date":"2018-03-14T11:40:53","date_gmt":"2018-03-14T11:40:53","guid":{"rendered":"http:\/\/prowess.select-themes.com\/?page_id=2853"},"modified":"2020-02-18T12:43:22","modified_gmt":"2020-02-18T11:43:22","slug":"agb","status":"publish","type":"page","link":"https:\/\/crossfit-sleddogs.de\/?page_id=2853","title":{"rendered":"Allgemeine Gesch\u00e4ftsbedingungen"},"content":{"rendered":"<p>[vc_row enable_grid_lines=&#8220;&#8220; css=&#8220;.vc_custom_1564332584973{padding-top: 100px !important;padding-bottom: 100px !important;}&#8220;][vc_column][vc_column_text]<\/p>\n<p style=\"text-align: center;\">1. Haftung<br \/>\nEine Haftung f\u00fcr Verlust oder Besch\u00e4digung mitgebrachter Kleidung,<br \/>\nWertgegenst\u00e4nde und Geld wird nicht \u00fcbernommen, es sei denn, der<br \/>\nVerlust oder die Besch\u00e4digung sind auf grob fahrl\u00e4ssiges oder vors\u00e4tzliches Verhalten des Studios zur\u00fcckzuf\u00fchren. Die Haftung f\u00fcr leichte<br \/>\nFahrl\u00e4ssigkeit ist ausgeschlossen. Dies gilt nicht f\u00fcr Sch\u00e4den aus der<br \/>\nVerletzung des Lebens, des K\u00f6rpers oder der Gesundheit, die auf einer<br \/>\nfahrl\u00e4ssigen Pflichtverletzung des Studios, eines gesetzlichen Vertreters<br \/>\noder Erf\u00fcllungsgehilfen beruhen. Die Benutzung des Studios und die<br \/>\nTeilnahme an den Kursen erfolgt auf eigene Gefahr. Eine Untersuchung<br \/>\nder Sporttauglichkeit findet seitens des Studios nicht statt.<br \/>\n2. Hausordnung<br \/>\nJedes Mitglied unterliegt der Hausordnung in der jeweils aktuellen Fassung, welche im Studio aush\u00e4ngt.<br \/>\n3. \u00c4nderung von Mitgliedsdaten<br \/>\n\u00c4nderungen des Namens, der Adresse und der Bankverbindung sind<br \/>\nCrossFit Sleddogs unverz\u00fcglich schriftlich mitzuteilen. Durch Unterlassung entstehende Mehrkosten (z.B. R\u00fccklastgeb\u00fchren der Bank)<br \/>\ngehen zu Lasten des Mitglieds.<br \/>\n4. F\u00e4lligkeit<br \/>\nDas Startpaket und der anteilige Beitrag sind mit der Unterzeichnung<br \/>\nder Mitgliedschaftsvereinbarung sofort zur Zahlung f\u00e4llig. Im \u00dcbrigen<br \/>\nist der Mitgliedsbeitrag wie folgt zur Zahlung f\u00e4llig: Die Zahlung der Mitgliedsbeitr\u00e4ge erfolgt grunds\u00e4tzlich im Rahmen eines SEPA-Lastschriftmandats. Die Abbuchung erfolgt monatlich.<br \/>\n4.1 Vorf\u00e4lligkeit<br \/>\nGer\u00e4t das Mitglied mit mehr als zwei Monatsbeitr\u00e4gen in Verzug, so<br \/>\nwerden s\u00e4mtliche Beitr\u00e4ge und Pauschalen bis zum Ende der Erstlaufzeit bzw. der Verl\u00e4ngerungszeit sofort zur Zahlung f\u00e4llig. Nach Wahl<br \/>\ndes Studios kann dieses den Vertrag auch au\u00dferordentlich k\u00fcndigen.<br \/>\n5. Beitragsanpassung<br \/>\nNach Vertrags-Erstlaufzeit ist CrossFit Sleddogs durch einseitige Erkl\u00e4rung mit einer Frist von 4 Wochen berechtigt, jeweils einmal j\u00e4hrlich<br \/>\nden jeweiligen Mitgliedsbeitrag zu erh\u00f6hen. Als obere Grenze f\u00fcr die<br \/>\nErh\u00f6hung werden 3,0 Prozent des jeweils g\u00fcltigen Beitrags vereinbart.<br \/>\nErh\u00f6hungen aufgrund einer Anhebung der gesetzlichen MwSt. sind jederzeit ab dem auf die Anhebung des Mehrwertsteuersatzes folgenden<br \/>\nMonat m\u00f6glich.<br \/>\n6. Kurse und Stornierungsbedingungen<br \/>\n6.1 R\u00fccktritt vom Kurs<br \/>\n6.1.1 Besteht eine Kursanmeldung und ist eine Teilnahme an diesem<br \/>\nnicht m\u00f6glich, so bitten wir um rechtzeitige Stornierung\/Abmeldung<br \/>\n\u00fcber unser Buchungsportal, damit der Platz an einen anderen Teilnehmer auf der Warteliste vergeben werden kann. Der R\u00fccktritt vom<br \/>\nKurs ist bis 6 Stunden vor Kursbeginn kostenfrei m\u00f6glich.<br \/>\n6.1.2 Erfolgt eine sp\u00e4tere Abmeldung oder erscheint der Teilnehmer<br \/>\nnicht, ist der gesamte Kursbeitrag f\u00e4llig bzw. wird in dem jeweiligen<br \/>\nMitgliedskonto dieser Kurs als \u201eteilgenommen\u201c hinterlegt. Ein Anspruch auf R\u00fcckerstattung bei versp\u00e4tetem R\u00fccktritt oder Nichtteilnahme besteht nicht.<br \/>\n6.1.3 M\u00f6gliche, von den Punkten 6.1.1 und 6.1.2 abweichende, Kulanzregelungen obliegen der Gesch\u00e4ftsf\u00fchrung.<br \/>\n6.2 \u00c4nderungen im Kursplan<br \/>\nWir behalten uns vor, \u00c4nderungen im Kursplan oder beim Kursleiter<br \/>\nin zumutbarer Weise vorzunehmen. Eine entsprechende Ank\u00fcndigung<br \/>\nerfolgt zeitnah auf unserer Facebook Seite und auf Wunsch auch per<br \/>\nE-Mail. Ein Anspruch auf R\u00fcckverg\u00fctung besteht in diesen F\u00e4llen<br \/>\nnicht.<br \/>\n7. Datenschutz<br \/>\nCrossFit Sleddogs nimmt den Schutz Ihrer pers\u00f6nlichen Daten sehr<br \/>\nernst. Wir behandeln Ihre personenbezogenen Daten vertraulich und<br \/>\nentsprechend der gesetzlichen Datenschutzvorschriften sowie dieser<br \/>\nDatenschutzerkl\u00e4rung.<br \/>\nDie personenbezogenen Daten des Mitglieds werden gem\u00e4\u00df den aktuell geltenden Datenschutzbestimmungen nur f\u00fcr die Erf\u00fcllung des Mitgliedsvertrages erhoben und verarbeitet. Bei den von uns erhobenen,<br \/>\nzur Erf\u00fcllung des Vertrages erforderlichen Daten handelt es sich um<br \/>\nName, Anschrift, Geburtsdatum, E-Mail-Adresse, Kontoverbindung und<br \/>\nTelefonnummer. Die Daten werden dabei auch in elektronischer Form<br \/>\ngespeichert.<br \/>\nEs werden ohne Einwilligung des Mitglieds keine personenbezogenen<br \/>\nDaten an Dritte \u00fcbermittelt. Hiervon ausgenommen sind Auftrags Verarbeiter, die besonders vertraglich zur Verschwiegenheit verpflichtet<br \/>\nwerden.<br \/>\nDie Kundendaten werden an den Dienstleister Fitogram GmbH zur<br \/>\nVertragserf\u00fcllung \u00fcbertragen (siehe Auftragserf\u00fcllung nach Artikel 6<br \/>\nAbsatz 1 Satz 1 Buchstabe b DS-GVO). Die Dateien werden sicher auf<br \/>\nSpeicherservern der EU aufbewahrt.<br \/>\nDie oben angegebenen Daten werden in der Form lediglich f\u00fcr die Dauer des laufenden Vertrages gespeichert. Nach Beendigung des Vertrages werden nur die Daten im Rahmen der gesetzlichen Aufbewahrungspflicht gespeichert und nach deren Ablauf automatisch gel\u00f6scht.<br \/>\nBesondere Einwilligung<br \/>\nSind Sie mit den folgenden Nutzungszwecken einverstanden, kreuzen<br \/>\nSie diese bitte entsprechend an. Wollen Sie keine Einwilligung erteilen,<br \/>\nlassen Sie die Felder bitte frei.<br \/>\no Ich willige ein, dass mir CrossFit Sleddogs per E-Mail\/Telefon\/<br \/>\nSMS\/ Newsletter*, Informationen und weitere Angebote des Studios<br \/>\nzum Zwecke der Werbung \u00fcbersendet. (*bitte Unzutreffendes streichen)<br \/>\nSie haben das Recht, Ihre Einwilligung jederzeit zu widerrufen. Durch<br \/>\nden Widerruf der Einwilligung wird die Rechtm\u00e4\u00dfigkeit der aufgrund der<br \/>\nEinwilligung bis zum Widerruf erfolgten Verarbeitung nicht ber\u00fchrt. Sie<br \/>\nk\u00f6nnen den Widerruf entweder postalisch an Yvonne G\u00fcers unter der<br \/>\nAdresse Am Berg 6, 56070 Koblenz oder per E-Mail unter info@crossfit-sleddogs.de \u00fcbermitteln.<br \/>\nDem Mitglied stehen gegen\u00fcber CrossFit Sleddogs folgende Rechte<br \/>\nzu:<br \/>\nDas Recht auf Auskunft (es entstehen dem Mitglied dadurch keine Kosten wie Porto bzw. \u00dcbermittlungskosten), ein Berichtigungsrecht, das<br \/>\nRecht auf L\u00f6schung, das Recht auf Einschr\u00e4nkung der Verarbeitung<br \/>\nsowie das Recht, gespeicherte Daten heraus zu verlangen, um sie bei<br \/>\neinem anderen Verantwortlichen speichern zu lassen (Recht auf Daten\u00fcbertragbarkeit).<br \/>\nDas Mitglied hat bei unrechtm\u00e4\u00dfiger Datenverarbeitung das Recht,<br \/>\nWiderspruch einzulegen. Der Verantwortliche verarbeitet die personenbezogenen Daten dann nicht mehr, es sei denn, er kann zwingende<br \/>\nschutzw\u00fcrdige Gr\u00fcnde f\u00fcr die Verarbeitung nachweisen, die die Interessen, Rechte und Freiheiten der betroffenen Person \u00fcberwiegen, oder die<br \/>\nVerarbeitung dient der Geltendmachung, Aus\u00fcbung oder Verteidigung<br \/>\nvon Rechtsanspr\u00fcchen. Im Falle datenschutzrechtlicher Verst\u00f6\u00dfe steht<br \/>\ndem Betroffenen ein Beschwerderecht bei der zust\u00e4ndigen Aufsichtsbeh\u00f6rde zu. Zust\u00e4ndige Aufsichtsbeh\u00f6rde in datenschutzrechtlichen Fragen ist der Landesdatenschutzbeauftragte des Bundeslandes, in dem<br \/>\nunser Unternehmen seinen Sitz hat.<br \/>\n8. Sonstige Vereinbarungen<br \/>\n\u00c4nderungen und Erg\u00e4nzungen dieses Vertrages bed\u00fcrfen der Schriftform. Dies gilt auch f\u00fcr diese Schriftformklausel selbst. M\u00fcndliche Nebenabreden bestehen nicht. Sollten einzelne Bestimmungen dieses<br \/>\nVertrages unwirksam sein, f\u00fchrt dies nicht zur Gesamtnichtigkeit des<br \/>\nVertrages. F\u00fcr eine unwirksame Regelung oder Regelungsl\u00fccken gelten<br \/>\ndie gesetzlichen Bestimmungen und ber\u00fchrt die Wirksamkeit der \u00dcbrigen nicht.<\/p>\n<p>[\/vc_column_text][\/vc_column][\/vc_row]<\/p>\n","protected":false},"excerpt":{"rendered":"<p>[vc_row enable_grid_lines=&#8220;&#8220; css=&#8220;.vc_custom_1564332584973{padding-top: 100px !important;padding-bottom: 100px !important;}&#8220;][vc_column][vc_column_text] 1. Haftung Eine Haftung f\u00fcr Verlust oder Besch\u00e4digung mitgebrachter Kleidung, Wertgegenst\u00e4nde und Geld wird nicht \u00fcbernommen, es sei denn, der Verlust oder die Besch\u00e4digung sind auf grob fahrl\u00e4ssiges oder vors\u00e4tzliches Verhalten des Studios zur\u00fcckzuf\u00fchren. Die Haftung f\u00fcr leichte Fahrl\u00e4ssigkeit ist ausgeschlossen. Dies gilt nicht f\u00fcr Sch\u00e4den aus der Verletzung des Lebens, des K\u00f6rpers oder der Gesundheit, die auf einer fahrl\u00e4ssigen Pflichtverletzung des Studios, eines gesetzlichen Vertreters oder Erf\u00fcllungsgehilfen beruhen. Die Benutzung des Studios und die Teilnahme an den Kursen erfolgt auf eigene Gefahr. [&hellip;]<\/p>\n","protected":false},"author":1,"featured_media":0,"parent":0,"menu_order":0,"comment_status":"closed","ping_status":"closed","template":"","meta":{"footnotes":""},"class_list":["post-2853","page","type-page","status-publish","hentry"],"_links":{"self":[{"href":"https:\/\/crossfit-sleddogs.de\/index.php?rest_route=\/wp\/v2\/pages\/2853","targetHints":{"allow":["GET"]}}],"collection":[{"href":"https:\/\/crossfit-sleddogs.de\/index.php?rest_route=\/wp\/v2\/pages"}],"about":[{"href":"https:\/\/crossfit-sleddogs.de\/index.php?rest_route=\/wp\/v2\/types\/page"}],"author":[{"embeddable":true,"href":"https:\/\/crossfit-sleddogs.de\/index.php?rest_route=\/wp\/v2\/users\/1"}],"replies":[{"embeddable":true,"href":"https:\/\/crossfit-sleddogs.de\/index.php?rest_route=%2Fwp%2Fv2%2Fcomments&post=2853"}],"version-history":[{"count":6,"href":"https:\/\/crossfit-sleddogs.de\/index.php?rest_route=\/wp\/v2\/pages\/2853\/revisions"}],"predecessor-version":[{"id":3722,"href":"https:\/\/crossfit-sleddogs.de\/index.php?rest_route=\/wp\/v2\/pages\/2853\/revisions\/3722"}],"wp:attachment":[{"href":"https:\/\/crossfit-sleddogs.de\/index.php?rest_route=%2Fwp%2Fv2%2Fmedia&parent=2853"}],"curies":[{"name":"wp","href":"https:\/\/api.w.org\/{rel}","templated":true}]}}