{"id":2972,"date":"2018-03-02T13:16:42","date_gmt":"2018-03-02T12:16:42","guid":{"rendered":"http:\/\/prowess.select-themes.com\/?page_id=2972"},"modified":"2021-01-24T16:01:54","modified_gmt":"2021-01-24T15:01:54","slug":"nutrition","status":"publish","type":"page","link":"https:\/\/crossfit-sleddogs.de\/?page_id=2972","title":{"rendered":"Nutrition"},"content":{"rendered":"<p>[vc_row row_content_width=&#8220;grid&#8220; enable_grid_lines=&#8220;&#8220; css=&#8220;.vc_custom_1611496663035{padding-top: 80px !important;}&#8220;][vc_column][vc_row_inner row_content_width=&#8220;grid&#8220; enable_grid_lines=&#8220;&#8220; content_text_aligment=&#8220;right&#8220;][vc_column_inner width=&#8220;7\/12&#8243; offset=&#8220;vc_col-lg-6 vc_col-md-6&#8243;]<div class=\"qodef-section-title-holder  qodef-tn-position-left \" style=\"text-align: left\">\n\t<div class=\"qodef-st-inner\">\n\t\t\t\t\t<h2 class=\"qodef-st-title\" >\n\t\t\t\tNutrition\t\t\t<\/h2>\n\t\t                    <h4 class=\"qodef-st-title-number\" style=\"font-size: 150px\">\n            09            <\/h4>\n        \t\t\t<\/div>\n<\/div>[vc_single_image image=&#8220;4242&#8243; img_size=&#8220;full&#8220; css=&#8220;.vc_custom_1611497270247{padding-top: 20px !important;}&#8220;][\/vc_column_inner][vc_column_inner width=&#8220;5\/12&#8243; offset=&#8220;vc_col-lg-6 vc_col-md-6&#8243;][vc_empty_space][vc_column_text]<\/p>\n<h3 style=\"text-align: center;\">Wir lieben es ganzheitlich! Nicht nur unser Training ist so konzipiert, sondern auch unsere Ern\u00e4hrungsberatung.<\/h3>\n<p>[\/vc_column_text][vc_column_text]<\/p>\n<h4 style=\"text-align: center;\">Einige Abl\u00e4ufe in unserem K\u00f6rper k\u00f6nnen in verschiedenen Systemen betrachtet werden, so auch z.B. unser Verdauungs- und Hormonsystem. Beides geht jedoch Hand in Hand und wenn ein System nicht rund l\u00e4uft hat das nat\u00fcrlich einen direkten Einfluss auf die anderen Systeme.<\/h4>\n<p>[\/vc_column_text][vc_column_text]<\/p>\n<h4 style=\"text-align: center;\">Somit ist es unsere Aufgabe alle Systeme wieder in Einklang zu bringen, die Balance wieder herzustellen und deine Ern\u00e4hrung langfristig entsprechend auszurichten und zu optimieren.<\/h4>\n<h4 style=\"text-align: center;\">Wir bieten dir keine 10-Wochen-Wunder-Di\u00e4t, keine rapide Transformation, sondern ein langfristig gesundes Leben, deine Ziele zu erreichen und zu halten!<\/h4>\n<h4 style=\"text-align: center;\">Wenn du keine Lust hast dein Leben lang Punkte zu z\u00e4hlen oder nach einem Ern\u00e4hrungsplan zu leben, bei dem sich dir schon die Nackenhaare aufstellen, dann haben wir die perfekte L\u00f6sung f\u00fcr dich!<br \/>\nWie funktioniert das? Was erwartet dich?<\/h4>\n<p>[\/vc_column_text][\/vc_column_inner][\/vc_row_inner][\/vc_column][\/vc_row][vc_row row_content_width=&#8220;grid&#8220; enable_grid_lines=&#8220;&#8220;][vc_column][vc_separator border_width=&#8220;3&#8243;][vc_row_inner row_content_width=&#8220;grid&#8220; enable_grid_lines=&#8220;&#8220; content_text_aligment=&#8220;right&#8220; css=&#8220;.vc_custom_1611496978444{padding-bottom: 30px !important;}&#8220;][vc_column_inner width=&#8220;7\/12&#8243; offset=&#8220;vc_col-lg-6 vc_col-md-6&#8243;][vc_empty_space][vc_column_text css=&#8220;.vc_custom_1611497111157{padding-bottom: 30px !important;}&#8220;]<\/p>\n<h4 style=\"text-align: center;\"><strong>1.<\/strong> Damit wir deine Ziele erreichen k\u00f6nnen, ist es zun\u00e4chst wichtig so viele Informationen \u00fcber deinen aktuellen Zustand zu sammeln wie nur m\u00f6glich. Daher erh\u00e4lst du vorab und v\u00f6llig KOSTENFREI verschiedene Frageb\u00f6gen, die du ausgef\u00fcllt an uns zur\u00fcck sendest.<\/h4>\n<h4 style=\"text-align: center;\"><strong>2.<\/strong> Nachdem wir uns ein erstes Bild machen konnten, erfolgt anschlie\u00dfend ein erstes, ebenfalls KOSTENFREIES Beratungsgespr\u00e4ch mit Zieldefinition.<\/h4>\n<h4 style=\"text-align: center;\"><strong>3.<\/strong> Du hast mit deinem Coach alles besprochen und bist mit dem Plan einverstanden? Prima, dann kann es losgehen! Nach Zahlungseingang erh\u00e4lst du alle Unterlagen mit Ablaufpl\u00e4nen, Infos etc. per PDF Datei direkt in dein E-Mail Postfach.<\/h4>\n<h4 style=\"text-align: center;\"><strong>4.<\/strong> Wie bereits erw\u00e4hnt, wollen wir langfristig erfolgreich sein. Daher begleiten wir dich \u00fcber insgesamt 8-Wochen. Nach den ersten 4-Wochen erfolgt ein Zwischengespr\u00e4ch. Es ist also ein dynamisches Konzept, das jederzeit bei Bedarf nachgebessert werden kann. Via WhatsApp kannst du direkt und unkompliziert R\u00fcckfragen stellen. Denn wir sind in jeder Hinsicht individuell und manchmal funktionieren Dinge bei der einen Person super, bei der anderen Person gar nicht.<\/h4>\n<h4 style=\"text-align: center;\"><strong>5.<\/strong> Nach den 8-Wochen haben wir bereits erste Ziele erreicht und du hast gen\u00fcgend Wissen \u00fcber Ern\u00e4hrung und deinen K\u00f6rper gesammelt um langfristig erfolgreich zu sein, das Gelernte in deinen Alltag umsetzen zu k\u00f6nnen und kannst eine gute Ern\u00e4hrung von einer schlechten unterscheiden.<\/h4>\n<p>[\/vc_column_text][\/vc_column_inner][vc_column_inner width=&#8220;5\/12&#8243; offset=&#8220;vc_col-lg-6 vc_col-md-6&#8243;][vc_single_image image=&#8220;4265&#8243; img_size=&#8220;full&#8220;][\/vc_column_inner][\/vc_row_inner][\/vc_column][vc_column][vc_column_text]<\/p>\n<h3 style=\"text-align: center;\">F\u00fcr wen ist das Programm geeignet?<br \/>\nF\u00fcr JEDEN! Unabh\u00e4ngig von Alter, Geschlecht, Beruf, Famili\u00e4ren Bedingungen oder sportlicher Aktivit\u00e4t! Wir erarbeiten mit dir GEMEINSAM eine Ern\u00e4hrung, die langfristig in DEIN Leben passt und dich mit allem versorgt, was DU ben\u00f6tigst!<\/h3>\n<p>[\/vc_column_text][\/vc_column][\/vc_row][vc_row enable_grid_lines=&#8220;&#8220; css=&#8220;.vc_custom_1611497208882{padding-bottom: 80px !important;}&#8220;][vc_column]\n<div class=\"wpcf7 no-js\" id=\"wpcf7-f4234-o1\" lang=\"de-DE\" dir=\"ltr\" data-wpcf7-id=\"4234\">\n<div class=\"screen-reader-response\"><p role=\"status\" aria-live=\"polite\" aria-atomic=\"true\"><\/p> <ul><\/ul><\/div>\n<form action=\"\/index.php?rest_route=%2Fwp%2Fv2%2Fpages%2F2972#wpcf7-f4234-o1\" method=\"post\" class=\"wpcf7-form init\" aria-label=\"Kontaktformular\" novalidate=\"novalidate\" data-status=\"init\">\n<fieldset class=\"hidden-fields-container\"><input type=\"hidden\" name=\"_wpcf7\" value=\"4234\" \/><input type=\"hidden\" name=\"_wpcf7_version\" value=\"6.1.5\" \/><input type=\"hidden\" name=\"_wpcf7_locale\" value=\"de_DE\" \/><input type=\"hidden\" name=\"_wpcf7_unit_tag\" value=\"wpcf7-f4234-o1\" \/><input type=\"hidden\" name=\"_wpcf7_container_post\" value=\"0\" \/><input type=\"hidden\" name=\"_wpcf7_posted_data_hash\" value=\"\" \/>\n<\/fieldset>\n<div class=\"qodef-row-grid-section-wrapper qodef-parallax-row-holder\" data-parallax-bg-image= data-parallax-bg-speed=1 style=\"background-color:#ffffff\">\n\t<div class=\"qodef-row-grid-section\">\n\t\t<div class=\"vc_row wpb_row vc_row-fluid vc_custom_1540012375693 vc_row-o-content-middle vc_row-flex\" >\n\t\t\t<div class=\"wpb_column vc_column_container vc_col-sm-12\">\n\t\t\t\t<div class=\"vc_column-inner\">\n\t\t\t\t\t<div class=\"wpb_wrapper\">\n\t\t\t\t\t\t<h3 style=\"color: #000000;text-align: center\" class=\"vc_custom_heading\" >\n\t\t\t\t\t\t\t<div role=\"form\" class=\"wpcf7\" id=\"wpcf7-f3540-p424-o1\" lang=\"de-DE\" dir=\"ltr\">\n\t\t\t\t\t\t\t\t<div class=\"screen-reader-response\">\n\t\t\t\t\t\t\t\t<\/div>\n\t\t\t\t\t\t\t\t<form action=\"\/#wpcf7-f3540-p424-o1\" method=\"post\" class=\"wpcf7-form cf7_custom_style_3\" novalidate=\"novalidate\">\n\t\t\t\t\t\t\t\t\t<div style=\"display: none;\">\n\t\t\t\t\t\t\t\t\t\t<p><input type=\"hidden\" name=\"_wpcf7\" value=\"3540\" \/><input type=\"hidden\" name=\"_wpcf7_version\" value=\"5.1.3\" \/><input type=\"hidden\" name=\"_wpcf7_locale\" value=\"de_DE\" \/><input type=\"hidden\" name=\"_wpcf7_unit_tag\" value=\"wpcf7-f3540-p424-o1\" \/><input type=\"hidden\" name=\"_wpcf7_container_post\" value=\"424\" \/>\n\t\t\t\t\t\t\t\t\t\t<\/p>\n\t\t\t\t\t\t\t\t\t<\/div>\n\t\t\t\t\t\t\t\t\t<div class=\"vc_col-sm-2\">\n\t\t\t\t\t\t\t\t\t\t<p><span class=\"wpcf7-form-control-wrap Name\"><input type=\"text\" name=\"Name\" value=\"\" size=\"40\" class=\"wpcf7-form-control wpcf7-text wpcf7-validates-as-required\" aria-required=\"true\" aria-invalid=\"false\" placeholder=\"Dein Name*\" \/><\/span>\n\t\t\t\t\t\t\t\t\t\t<\/p>\n\t\t\t\t\t\t\t\t\t<\/div>\n\t\t\t\t\t\t\t\t\t<div class=\"vc_col-sm-3\">\n\t\t\t\t\t\t\t\t\t\t<p><span class=\"wpcf7-form-control-wrap Email-Frontpage\"><input type=\"email\" name=\"Email-Frontpage\" value=\"\" size=\"40\" class=\"wpcf7-form-control wpcf7-text wpcf7-email wpcf7-validates-as-required wpcf7-validates-as-email\" aria-required=\"true\" aria-invalid=\"false\" placeholder=\"Deine Emailadresse*\" \/><\/span>\n\t\t\t\t\t\t\t\t\t\t<\/p>\n\t\t\t\t\t\t\t\t\t<\/div>\n\t\t\t\t\t\t\t\t\t<div class=\"vc_col-sm-3\">\n\t\t\t\t\t\t\t\t\t\t<p><span class=\"wpcf7-form-control-wrap Telefon\"><input type=\"tel\" name=\"Telefon\" value=\"\" size=\"40\" class=\"wpcf7-form-control wpcf7-text wpcf7-tel wpcf7-validates-as-required wpcf7-validates-as-tel\" aria-required=\"true\" aria-invalid=\"false\" placeholder=\"Deine Telefonnummer*\" \/><\/span>\n\t\t\t\t\t\t\t\t\t\t<\/p>\n\t\t\t\t\t\t\t\t\t<\/div>\n\t\t\t\t\t\t\t\t\t<div class=\"vc_col-sm-2\">\n\t\t\t\t\t\t\t\t\t\t<p><span class=\"wpcf7-form-control-wrap Ziel\"><select name=\"Ziel\" class=\"wpcf7-form-control wpcf7-select wpcf7-validates-as-required\" aria-required=\"true\" aria-invalid=\"false\"><option value=\"Was ist dein Ziel?\">Was ist dein Ziel?<\/option><option value=\"Ich m\u00f6chte K\u00f6rperfett reduzieren\">Ich m\u00f6chte K\u00f6rperfett reduzieren<\/option><option value=\"Ich m\u00f6chte Muskeln aufbauen\">Ich m\u00f6chte Muskeln aufbauen<\/option><option value=\"Ich m\u00f6chte ges\u00fcnder leben\">Ich m\u00f6chte ges\u00fcnder leben<\/option><option value=\"Andere\">Andere<\/option><\/select><\/span>\n\t\t\t\t\t\t\t\t\t\t<\/p>\n\t\t\t\t\t\t\t\t\t<\/div>\n\t\t\t\t\t\t\t\t\t<div class=\"vc_col-sm-2\">\n\t\t\t\t\t\t\t\t\t\t<p><input type=\"submit\" value=\"Los gehts!\" class=\"wpcf7-form-control wpcf7-submit white\" \/>\n\t\t\t\t\t\t\t\t\t\t<\/p>\n\t\t\t\t\t\t\t\t\t<\/div>\n\t\t\t\t\t\t\t\t\t<div class=\"vc_col-sm-12\">\n\t\t\t\t\t\t\t\t\t\t<p><span class=\"wpcf7-form-control-wrap acceptance-356\"><span class=\"wpcf7-form-control wpcf7-acceptance\"><span class=\"wpcf7-list-item\"><label><input type=\"checkbox\" name=\"acceptance-356\" value=\"1\" aria-invalid=\"false\" \/><span class=\"wpcf7-list-item-label\">Ich stimme der <a href=\"https:\/\/crossfit-sleddogs.de\/?page_id=1656\" target=\"_blank\">Datenschutzerkl\u00e4rung<\/a> zu<\/span><\/label><\/span><\/span><\/span>\n\t\t\t\t\t\t\t\t\t\t<\/p>\n\t\t\t\t\t\t\t\t\t<\/div>\n\t\t\t\t\t\t\t\t\t<div class=\"clear\">\n\t\t\t\t\t\t\t\t\t<\/div>\n\t\t\t\t\t\t\t\t\t<div class=\"wpcf7-response-output wpcf7-display-none\">\n\t\t\t\t\t\t\t\t\t<\/div>\n\t\t\t\t\t\t\t\t<\/form>\n\t\t\t\t\t\t\t<\/div>\n\t\t\t\t\t\t<\/h3>\n\t\t\t\t\t<\/div>\n\t\t\t\t<\/div>\n\t\t\t<\/div>\n\t\t<\/div>\n\t<\/div>\n<\/div><div class=\"wpcf7-response-output\" aria-hidden=\"true\"><\/div>\n<\/form>\n<\/div>\n\r\n\t\t\t\t<script>\r\n\t\t\t\tif ( typeof huOptions !== 'undefined' ) {\r\n\t\t\t\t\tvar huFormData = {\"source\":\"contactform7\",\"id\":4234,\"title\":\"Nutrition Contact\",\"fields\":{\"subject\":{\"first_name\":\"your-name\",\"email\":\"your-email\"},\"preferences\":{\"terms\":\"your-consent\"}}};\r\n\t\t\t\t\tvar huFormNode = document.querySelector( '[id^=\"wpcf7-f4234-\"] form' );\r\n\r\n\t\t\t\t\thuFormData['node'] = huFormNode;\r\n\t\t\t\t\thuOptions['forms'].push( huFormData );\r\n\t\t\t\t}\r\n\t\t\t\t<\/script>[\/vc_column][vc_column width=&#8220;1\/3&#8243;][\/vc_column][vc_column width=&#8220;1\/3&#8243;][\/vc_column][vc_column width=&#8220;1\/3&#8243;][\/vc_column][\/vc_row]<\/p>\n","protected":false},"excerpt":{"rendered":"<p>[vc_row row_content_width=&#8220;grid&#8220; enable_grid_lines=&#8220;&#8220; css=&#8220;.vc_custom_1611496663035{padding-top: 80px !important;}&#8220;][vc_column][vc_row_inner row_content_width=&#8220;grid&#8220; enable_grid_lines=&#8220;&#8220; content_text_aligment=&#8220;right&#8220;][vc_column_inner width=&#8220;7\/12&#8243; offset=&#8220;vc_col-lg-6 vc_col-md-6&#8243;][vc_single_image image=&#8220;4242&#8243; img_size=&#8220;full&#8220; css=&#8220;.vc_custom_1611497270247{padding-top: 20px !important;}&#8220;][\/vc_column_inner][vc_column_inner width=&#8220;5\/12&#8243; offset=&#8220;vc_col-lg-6 vc_col-md-6&#8243;][vc_empty_space][vc_column_text] Wir lieben es ganzheitlich! Nicht nur unser Training ist so konzipiert, sondern auch unsere Ern\u00e4hrungsberatung. [\/vc_column_text][vc_column_text] Einige Abl\u00e4ufe in unserem K\u00f6rper k\u00f6nnen in verschiedenen Systemen betrachtet werden, so auch z.B. unser Verdauungs- und Hormonsystem. Beides geht jedoch Hand in Hand und wenn ein System nicht rund l\u00e4uft hat das nat\u00fcrlich einen direkten Einfluss auf die anderen Systeme. [\/vc_column_text][vc_column_text] Somit ist es unsere Aufgabe alle Systeme wieder in Einklang zu bringen, [&hellip;]<\/p>\n","protected":false},"author":1,"featured_media":0,"parent":0,"menu_order":0,"comment_status":"closed","ping_status":"closed","template":"full-width.php","meta":{"footnotes":""},"class_list":["post-2972","page","type-page","status-publish","hentry"],"_links":{"self":[{"href":"https:\/\/crossfit-sleddogs.de\/index.php?rest_route=\/wp\/v2\/pages\/2972","targetHints":{"allow":["GET"]}}],"collection":[{"href":"https:\/\/crossfit-sleddogs.de\/index.php?rest_route=\/wp\/v2\/pages"}],"about":[{"href":"https:\/\/crossfit-sleddogs.de\/index.php?rest_route=\/wp\/v2\/types\/page"}],"author":[{"embeddable":true,"href":"https:\/\/crossfit-sleddogs.de\/index.php?rest_route=\/wp\/v2\/users\/1"}],"replies":[{"embeddable":true,"href":"https:\/\/crossfit-sleddogs.de\/index.php?rest_route=%2Fwp%2Fv2%2Fcomments&post=2972"}],"version-history":[{"count":43,"href":"https:\/\/crossfit-sleddogs.de\/index.php?rest_route=\/wp\/v2\/pages\/2972\/revisions"}],"predecessor-version":[{"id":4276,"href":"https:\/\/crossfit-sleddogs.de\/index.php?rest_route=\/wp\/v2\/pages\/2972\/revisions\/4276"}],"wp:attachment":[{"href":"https:\/\/crossfit-sleddogs.de\/index.php?rest_route=%2Fwp%2Fv2%2Fmedia&parent=2972"}],"curies":[{"name":"wp","href":"https:\/\/api.w.org\/{rel}","templated":true}]}}